{"id":790,"date":"2025-04-28T11:44:56","date_gmt":"2025-04-28T11:44:56","guid":{"rendered":"https:\/\/napihljivaigrala.si\/?post_type=product&#038;p=790"},"modified":"2025-05-23T15:13:54","modified_gmt":"2025-05-23T15:13:54","slug":"igralo-dzungla","status":"publish","type":"product","link":"https:\/\/napihljivaigrala.si\/?product=igralo-dzungla","title":{"rendered":"Igralo D\u017eungla"},"content":{"rendered":"<ul style=\"list-style: none; padding-left: 0;\">\n<li style=\"display: flex; align-items: center; margin-bottom: 8px;\"><img decoding=\"async\" class=\"\" style=\"width: 42px; height: 42px; margin-right: 8px;\" src=\"https:\/\/cdn-icons-png.freepik.com\/256\/17393\/17393073.png?ga=GA1.1.1836021500.1745700985&amp;semt=ais_hybrid\" alt=\"Icon\" \/>8 x 3,5 x 4,25 m<\/li>\n<\/ul>\n<ul style=\"list-style: none; padding-left: 0;\">\n<li style=\"display: flex; align-items: center; margin-bottom: 8px;\"><img decoding=\"async\" class=\"_1ys1uvi9 _1ys1uvi8 $object-contain _1ys1uvib\" src=\"https:\/\/cdn-icons-png.freepik.com\/256\/18031\/18031033.png?ga=GA1.1.1836021500.1745700985&amp;semt=ais_hybrid\" alt=\"Scale icon\" width=\"43\" height=\"43\" data-nimg=\"fill\" \/> max obremenitev 500 kg<\/li>\n<\/ul>\n","protected":false},"excerpt":{"rendered":"<p>Prava d\u017eungelska pustolov\u0161\u010dina \u010daka na vas! Med palmami in divjimi \u017eivalmi lahko otroci plezajo, raziskujejo in se spu\u0161\u010dajo po zabavnem toboganu. Idealno za male raziskovalce, ki obo\u017eujejo naravo in dogodiv\u0161\u010dine.<\/p>\n","protected":false},"featured_media":791,"comment_status":"open","ping_status":"closed","template":"","meta":{"inline_featured_image":false},"product_brand":[],"product_cat":[15],"product_tag":[],"class_list":{"0":"post-790","1":"product","2":"type-product","3":"status-publish","4":"has-post-thumbnail","6":"product_cat-igrala","8":"first","9":"instock","10":"sold-individually","11":"taxable","12":"shipping-taxable","13":"purchasable","14":"product-type-backhoe_bookin_product"},"_links":{"self":[{"href":"https:\/\/napihljivaigrala.si\/index.php?rest_route=\/wp\/v2\/product\/790","targetHints":{"allow":["GET"]}}],"collection":[{"href":"https:\/\/napihljivaigrala.si\/index.php?rest_route=\/wp\/v2\/product"}],"about":[{"href":"https:\/\/napihljivaigrala.si\/index.php?rest_route=\/wp\/v2\/types\/product"}],"replies":[{"embeddable":true,"href":"https:\/\/napihljivaigrala.si\/index.php?rest_route=%2Fwp%2Fv2%2Fcomments&post=790"}],"wp:featuredmedia":[{"embeddable":true,"href":"https:\/\/napihljivaigrala.si\/index.php?rest_route=\/wp\/v2\/media\/791"}],"wp:attachment":[{"href":"https:\/\/napihljivaigrala.si\/index.php?rest_route=%2Fwp%2Fv2%2Fmedia&parent=790"}],"wp:term":[{"taxonomy":"product_brand","embeddable":true,"href":"https:\/\/napihljivaigrala.si\/index.php?rest_route=%2Fwp%2Fv2%2Fproduct_brand&post=790"},{"taxonomy":"product_cat","embeddable":true,"href":"https:\/\/napihljivaigrala.si\/index.php?rest_route=%2Fwp%2Fv2%2Fproduct_cat&post=790"},{"taxonomy":"product_tag","embeddable":true,"href":"https:\/\/napihljivaigrala.si\/index.php?rest_route=%2Fwp%2Fv2%2Fproduct_tag&post=790"}],"curies":[{"name":"wp","href":"https:\/\/api.w.org\/{rel}","templated":true}]}}