{"id":795,"date":"2025-04-28T11:48:46","date_gmt":"2025-04-28T11:48:46","guid":{"rendered":"https:\/\/napihljivaigrala.si\/?post_type=product&#038;p=795"},"modified":"2025-05-23T15:13:30","modified_gmt":"2025-05-23T15:13:30","slug":"igralo-tacke-na-patrulji","status":"publish","type":"product","link":"https:\/\/napihljivaigrala.si\/?product=igralo-tacke-na-patrulji","title":{"rendered":"Igralo Ta\u010dke na patrulji"},"content":{"rendered":"<ul style=\"list-style: none; padding-left: 0;\">\n<li style=\"display: flex; align-items: center; margin-bottom: 8px;\"><img decoding=\"async\" class=\"\" style=\"width: 42px; height: 42px; margin-right: 8px;\" src=\"https:\/\/cdn-icons-png.freepik.com\/256\/17393\/17393073.png?ga=GA1.1.1836021500.1745700985&amp;semt=ais_hybrid\" alt=\"Icon\" \/>5x 5 x 4,5 m<\/li>\n<\/ul>\n<ul style=\"list-style: none; padding-left: 0;\">\n<li style=\"display: flex; align-items: center; margin-bottom: 8px;\"><img decoding=\"async\" class=\"_1ys1uvi9 _1ys1uvi8 $object-contain _1ys1uvib\" src=\"https:\/\/cdn-icons-png.freepik.com\/256\/18031\/18031033.png?ga=GA1.1.1836021500.1745700985&amp;semt=ais_hybrid\" alt=\"Scale icon\" width=\"43\" height=\"43\" data-nimg=\"fill\" \/> max obremenitev 450 kg<\/li>\n<\/ul>\n","protected":false},"excerpt":{"rendered":"<p>Pridru\u017eite se pogumnim Ta\u010dkam na patrulji na nepozabni misiji! Skakanje, plezanje in spu\u0161\u010danje po toboganu v svetu priljubljenih risanih junakov bo navdu\u0161ilo vse male obo\u017eevalce.<\/p>\n","protected":false},"featured_media":857,"comment_status":"open","ping_status":"closed","template":"","meta":{"inline_featured_image":false},"product_brand":[],"product_cat":[15],"product_tag":[],"class_list":{"0":"post-795","1":"product","2":"type-product","3":"status-publish","4":"has-post-thumbnail","6":"product_cat-igrala","8":"first","9":"instock","10":"sold-individually","11":"taxable","12":"shipping-taxable","13":"purchasable","14":"product-type-backhoe_bookin_product"},"_links":{"self":[{"href":"https:\/\/napihljivaigrala.si\/index.php?rest_route=\/wp\/v2\/product\/795","targetHints":{"allow":["GET"]}}],"collection":[{"href":"https:\/\/napihljivaigrala.si\/index.php?rest_route=\/wp\/v2\/product"}],"about":[{"href":"https:\/\/napihljivaigrala.si\/index.php?rest_route=\/wp\/v2\/types\/product"}],"replies":[{"embeddable":true,"href":"https:\/\/napihljivaigrala.si\/index.php?rest_route=%2Fwp%2Fv2%2Fcomments&post=795"}],"wp:featuredmedia":[{"embeddable":true,"href":"https:\/\/napihljivaigrala.si\/index.php?rest_route=\/wp\/v2\/media\/857"}],"wp:attachment":[{"href":"https:\/\/napihljivaigrala.si\/index.php?rest_route=%2Fwp%2Fv2%2Fmedia&parent=795"}],"wp:term":[{"taxonomy":"product_brand","embeddable":true,"href":"https:\/\/napihljivaigrala.si\/index.php?rest_route=%2Fwp%2Fv2%2Fproduct_brand&post=795"},{"taxonomy":"product_cat","embeddable":true,"href":"https:\/\/napihljivaigrala.si\/index.php?rest_route=%2Fwp%2Fv2%2Fproduct_cat&post=795"},{"taxonomy":"product_tag","embeddable":true,"href":"https:\/\/napihljivaigrala.si\/index.php?rest_route=%2Fwp%2Fv2%2Fproduct_tag&post=795"}],"curies":[{"name":"wp","href":"https:\/\/api.w.org\/{rel}","templated":true}]}}